{"id":3420,"date":"2025-01-18T21:51:05","date_gmt":"2025-01-18T20:51:05","guid":{"rendered":"https:\/\/www.bl4u.cz\/avoiding-bankruptcy\/"},"modified":"2025-01-18T21:51:11","modified_gmt":"2025-01-18T20:51:11","slug":"avoiding-bankruptcy","status":"publish","type":"page","link":"https:\/\/www.bl4u.cz\/en\/avoiding-bankruptcy\/","title":{"rendered":"Avoiding bankruptcy"},"content":{"rendered":"<p>[et_pb_section fb_built=&#8221;1&#8243; _builder_version=&#8221;4.17.3&#8243; _module_preset=&#8221;default&#8221; use_background_color_gradient=&#8221;on&#8221; background_color_gradient_stops=&#8221;rgba(0,0,0,0.5) 0%|rgba(0,0,0,0.5) 95%&#8221; background_color_gradient_overlays_image=&#8221;on&#8221; background_image=&#8221;http:\/\/www.bl4u.cz\/wp-content\/uploads\/2022\/05\/BL4U-vyhnout-se-bankrotu.jpg&#8221; background_position=&#8221;top_center&#8221; background_vertical_offset=&#8221;33%&#8221; background_pattern_horizontal_offset=&#8221;20%&#8221; background_pattern_repeat=&#8221;repeat-y&#8221; background_enable_mask_style=&#8221;on&#8221; background_mask_style=&#8221;corner-square&#8221; background_mask_color=&#8221;rgba(224,43,32,0.51)&#8221; background_mask_transform=&#8221;invert&#8221; background_mask_size=&#8221;custom&#8221; background_mask_width=&#8221;70%&#8221; background_mask_height=&#8221;100%&#8221; background_mask_position=&#8221;top_right&#8221; min_height_tablet=&#8221;800px&#8221; min_height_phone=&#8221;800px&#8221; min_height_last_edited=&#8221;on|phone&#8221; custom_padding=&#8221;||140px|||&#8221; bottom_divider_style=&#8221;slant2&#8243; bottom_divider_color=&#8221;#FFFFFF&#8221; bottom_divider_height=&#8221;50px&#8221; bottom_divider_repeat=&#8221;1x&#8221; bottom_divider_flip=&#8221;horizontal&#8221; background_last_edited=&#8221;off|desktop&#8221; background_position_tablet=&#8221;top_left&#8221; background_position_phone=&#8221;center_left&#8221; background_horizontal_offset_tablet=&#8221;90%&#8221; background_horizontal_offset_phone=&#8221;40%&#8221; background_pattern_width_tablet=&#8221;159px&#8221; background_pattern_width_phone=&#8221;70px&#8221; background_pattern_height_tablet=&#8221;30px&#8221; background_pattern_height_phone=&#8221;30px&#8221; border_width_all=&#8221;5px&#8221; border_color_all=&#8221;#E02B20&#8243; border_width_top=&#8221;3px&#8221; border_color_top=&#8221;#E02B20&#8243; border_width_right=&#8221;0px&#8221; border_width_bottom=&#8221;0px&#8221; border_width_left=&#8221;0px&#8221; global_colors_info=&#8221;{}&#8221;][et_pb_row column_structure=&#8221;2_3,1_3&#8243; _builder_version=&#8221;4.17.3&#8243; _module_preset=&#8221;default&#8221; background_enable_video_mp4=&#8221;off&#8221; max_width=&#8221;1600px&#8221; global_colors_info=&#8221;{}&#8221;][et_pb_column type=&#8221;2_3&#8243; _builder_version=&#8221;4.17.3&#8243; _module_preset=&#8221;default&#8221; background_enable_video_mp4=&#8221;off&#8221; global_colors_info=&#8221;{}&#8221;][et_pb_text _builder_version=&#8221;4.16&#8243; _module_preset=&#8221;default&#8221; header_font=&#8221;|600|||||||&#8221; header_text_color=&#8221;#FFFFFF&#8221; header_font_size=&#8221;60px&#8221; header_line_height=&#8221;1.5em&#8221; header_2_text_color=&#8221;#FFFFFF&#8221; header_2_font_size=&#8221;40px&#8221; header_2_line_height=&#8221;2.5em&#8221; custom_padding=&#8221;0px|||||&#8221; header_font_size_tablet=&#8221;60px&#8221; header_font_size_phone=&#8221;45px&#8221; header_font_size_last_edited=&#8221;on|phone&#8221; header_2_font_size_tablet=&#8221;40px&#8221; header_2_font_size_phone=&#8221;30px&#8221; header_2_font_size_last_edited=&#8221;on|phone&#8221; header_2_line_height_tablet=&#8221;2.5em&#8221; header_2_line_height_phone=&#8221;1.6em&#8221; header_2_line_height_last_edited=&#8221;on|phone&#8221; header_text_shadow_style=&#8221;preset1&#8243; header_text_shadow_color=&#8221;rgba(0,0,0,0.97)&#8221; global_colors_info=&#8221;{}&#8221;]<\/p>\n<h1><strong>Avoiding bankruptcy<\/strong><\/h1>\n<p>[\/et_pb_text][\/et_pb_column][et_pb_column type=&#8221;1_3&#8243; _builder_version=&#8221;4.16&#8243; _module_preset=&#8221;default&#8221; global_colors_info=&#8221;{}&#8221;][et_pb_text _builder_version=&#8221;4.17.4&#8243; _module_preset=&#8221;default&#8221; header_2_text_color=&#8221;#FFFFFF&#8221; animation_style=&#8221;slide&#8221; animation_direction=&#8221;right&#8221; animation_delay=&#8221;1000ms&#8221; header_2_font_size_tablet=&#8221;&#8221; header_2_font_size_phone=&#8221;20px&#8221; header_2_font_size_last_edited=&#8221;on|phone&#8221; global_colors_info=&#8221;{}&#8221;]<\/p>\n<h2><strong>Your cash flow is at risk<\/strong><strong><\/strong><\/h2>\n<p>[\/et_pb_text][et_pb_text _builder_version=&#8221;4.17.4&#8243; _module_preset=&#8221;default&#8221; header_2_text_color=&#8221;#FFFFFF&#8221; custom_margin=&#8221;|||25px|false|false&#8221; animation_style=&#8221;slide&#8221; animation_direction=&#8221;right&#8221; animation_delay=&#8221;2000ms&#8221; header_2_font_size_tablet=&#8221;&#8221; header_2_font_size_phone=&#8221;20px&#8221; header_2_font_size_last_edited=&#8221;on|phone&#8221; global_colors_info=&#8221;{}&#8221;]<\/p>\n<h2><strong>You feel personal responsibility<\/strong><\/h2>\n<p>[\/et_pb_text][et_pb_text _builder_version=&#8221;4.17.4&#8243; _module_preset=&#8221;default&#8221; header_2_text_color=&#8221;#FFFFFF&#8221; custom_margin=&#8221;|||58px|false|false&#8221; animation_style=&#8221;slide&#8221; animation_direction=&#8221;right&#8221; animation_delay=&#8221;3000ms&#8221; header_2_font_size_tablet=&#8221;&#8221; header_2_font_size_phone=&#8221;20px&#8221; header_2_font_size_last_edited=&#8221;on|phone&#8221; global_colors_info=&#8221;{}&#8221;]<\/p>\n<h2><strong>It&#8217;s not too late<\/strong><\/h2>\n<p>[\/et_pb_text][\/et_pb_column][\/et_pb_row][\/et_pb_section][et_pb_section fb_built=&#8221;1&#8243; _builder_version=&#8221;4.17.3&#8243; _module_preset=&#8221;default&#8221; background_pattern_horizontal_offset=&#8221;11%&#8221; background_pattern_repeat=&#8221;repeat-y&#8221; custom_padding=&#8221;||3px|||&#8221; background_last_edited=&#8221;on|phone&#8221; background_mask_width_phone=&#8221;100%&#8221; background_mask_height_phone=&#8221;80%&#8221; background_mask_position_phone=&#8221;center&#8221; global_colors_info=&#8221;{}&#8221;][et_pb_row column_structure=&#8221;1_2,1_2&#8243; _builder_version=&#8221;4.17.3&#8243; _module_preset=&#8221;default&#8221; global_colors_info=&#8221;{}&#8221;][et_pb_column type=&#8221;1_2&#8243; _builder_version=&#8221;4.17.3&#8243; _module_preset=&#8221;default&#8221; background_enable_image=&#8221;off&#8221; global_colors_info=&#8221;{}&#8221;][et_pb_image src=&#8221;http:\/\/www.bl4u.cz\/wp-content\/uploads\/2022\/05\/BL4U-vyhnout-se-bankrotu-02-1.jpg&#8221; title_text=&#8221;BL4U-get-out-of-bankruptcy-02&#8243; _builder_version=&#8221;4.17.4&#8243; _module_preset=&#8221;default&#8221; width=&#8221;90%&#8221; width_tablet=&#8221;100%&#8221; width_phone=&#8221;100%&#8221; width_last_edited=&#8221;on|desktop&#8221; custom_padding=&#8221;50px||||false|false&#8221; border_color_right=&#8221;#E02B20&#8243; border_color_bottom=&#8221;#E02B20&#8243; box_shadow_style=&#8221;preset1&#8243; box_shadow_horizontal=&#8221;12px&#8221; box_shadow_vertical=&#8221;12px&#8221; box_shadow_blur=&#8221;22px&#8221; box_shadow_color=&#8221;rgba(0,0,0,0.8)&#8221; global_colors_info=&#8221;{}&#8221;][\/et_pb_image][\/et_pb_column][et_pb_column type=&#8221;1_2&#8243; _builder_version=&#8221;4.16&#8243; _module_preset=&#8221;default&#8221; global_colors_info=&#8221;{}&#8221;][et_pb_text ol_position=&#8221;outside&#8221; ol_item_indent=&#8221;20px&#8221; _builder_version=&#8221;4.17.4&#8243; _module_preset=&#8221;default&#8221; text_font_size=&#8221;20px&#8221; text_line_height=&#8221;2em&#8221; ul_line_height=&#8221;2em&#8221; ol_font_size=&#8221;20px&#8221; ol_line_height=&#8221;2em&#8221; background_color=&#8221;rgba(255,255,255,0.8)&#8221; background_pattern_repeat_origin=&#8221;center_right&#8221; background_pattern_repeat=&#8221;repeat-y&#8221; width=&#8221;100%&#8221; max_width=&#8221;100%&#8221; module_alignment=&#8221;left&#8221; custom_padding=&#8221;50px|20px|50px|20px|true|true&#8221; global_colors_info=&#8221;{}&#8221;]<\/p>\n<h2 style=\"text-align: justify;\"><strong>Don&#8217;t wait for it to collapse<\/strong><\/h2>\n<p style=\"text-align: justify;\">The sooner you start solving problems, the better the chances of finding a solution. In that case, it is necessary for experts to step in. Once customers, key employees or suppliers start leaving, it may be too late.<\/p>\n<p style=\"text-align: justify;\">The aim of the service will be to keep your company out of insolvency proceedings. Contact us and we will be happy to explain.<\/p>\n<p>[\/et_pb_text][et_pb_divider color=&#8221;#E02B20&#8243; divider_weight=&#8221;5px&#8221; _builder_version=&#8221;4.17.4&#8243; _module_preset=&#8221;default&#8221; width=&#8221;70%&#8221; module_alignment=&#8221;right&#8221; custom_padding=&#8221;|20px|||false|false&#8221; global_colors_info=&#8221;{}&#8221;][\/et_pb_divider][\/et_pb_column][\/et_pb_row][\/et_pb_section][et_pb_section fb_built=&#8221;1&#8243; _builder_version=&#8221;4.17.4&#8243; _module_preset=&#8221;default&#8221; background_enable_color=&#8221;off&#8221; custom_margin=&#8221;||||false|false&#8221; custom_margin_tablet=&#8221;0px||||false|false&#8221; custom_margin_phone=&#8221;0px||||false|false&#8221; custom_margin_last_edited=&#8221;on|phone&#8221; custom_padding=&#8221;0px||0px||false|false&#8221; top_divider_color=&#8221;#FFFFFF&#8221; top_divider_arrangement=&#8221;above_content&#8221; bottom_divider_color=&#8221;#FFFFFF&#8221; saved_tabs=&#8221;all&#8221; locked=&#8221;off&#8221; global_colors_info=&#8221;{}&#8221;][et_pb_row column_structure=&#8221;1_2,1_2&#8243; module_class=&#8221;custom_row&#8221; _builder_version=&#8221;4.17.3&#8243; _module_preset=&#8221;default&#8221; custom_padding=&#8221;50px||50px|||&#8221; global_colors_info=&#8221;{}&#8221;][et_pb_column type=&#8221;1_2&#8243; module_class=&#8221;second-on-mobile&#8221; _builder_version=&#8221;4.17.3&#8243; _module_preset=&#8221;default&#8221; global_colors_info=&#8221;{}&#8221;][et_pb_text ol_position=&#8221;outside&#8221; ol_item_indent=&#8221;20px&#8221; _builder_version=&#8221;4.17.3&#8243; _module_preset=&#8221;default&#8221; text_font_size=&#8221;20px&#8221; text_line_height=&#8221;2em&#8221; ul_line_height=&#8221;2em&#8221; ol_font_size=&#8221;20px&#8221; ol_line_height=&#8221;2em&#8221; background_color=&#8221;rgba(255,255,255,0.8)&#8221; width=&#8221;100%&#8221; max_width=&#8221;100%&#8221; module_alignment=&#8221;left&#8221; custom_margin=&#8221;||-3px|||&#8221; custom_padding=&#8221;50px|20px|50px|20px|true|true&#8221; global_colors_info=&#8221;{}&#8221;]<\/p>\n<h2 style=\"text-align: left;\"><strong>How do we proceed?<\/strong><\/h2>\n<ol>\n<li style=\"text-align: justify;\">The true state of affairs and the risks involved must be clear. We&#8217;ll do a quick audit.<\/li>\n<li style=\"text-align: justify;\">In case it is a more advantageous way to avoid bankruptcy in accordance with the law, we will prepare a Rescue Project for your company.<\/li>\n<li style=\"text-align: justify;\">We will manage the rescue project, provide you with key managers and arrange crisis funding where appropriate. We work for you, not for the investor.<\/li>\n<li style=\"text-align: justify;\">When the project is complete, you will have a company free of problems.<\/li>\n<\/ol>\n<p>[\/et_pb_text][et_pb_divider color=&#8221;#E02B20&#8243; divider_weight=&#8221;5px&#8221; _builder_version=&#8221;4.17.4&#8243; _module_preset=&#8221;default&#8221; width=&#8221;70%&#8221; module_alignment=&#8221;left&#8221; custom_padding=&#8221;|||20px|false|false&#8221; global_colors_info=&#8221;{}&#8221;][\/et_pb_divider][et_pb_button button_url=&#8221;@ET-DC@eyJkeW5hbWljIjp0cnVlLCJjb250ZW50IjoicG9zdF9saW5rX3VybF9wYWdlIiwic2V0dGluZ3MiOnsicG9zdF9pZCI6IjI0MiJ9fQ==@&#8221; button_text=&#8221;Contact us&#8221; button_alignment=&#8221;center&#8221; _builder_version=&#8221;4.17.4&#8243; _dynamic_attributes=&#8221;button_url&#8221; _module_preset=&#8221;default&#8221; custom_button=&#8221;on&#8221; button_text_size=&#8221;30px&#8221; button_text_color=&#8221;#020079&#8243; button_bg_color=&#8221;#FFFFFF&#8221; button_icon=&#8221;&#xe090;||divi||400&#8243; button_icon_color=&#8221;RGBA(255,255,255,0)&#8221; button_bg_color_tablet=&#8221;#FFFFFF&#8221; button_bg_color_phone=&#8221;#FFFFFF&#8221; button_bg_color_last_edited=&#8221;on|desktop&#8221; global_module=&#8221;333&#8243; saved_tabs=&#8221;all&#8221; locked=&#8221;off&#8221; global_colors_info=&#8221;{}&#8221; button_bg_color__hover_enabled=&#8221;on|desktop&#8221; button_bg_enable_color__hover=&#8221;on&#8221; button_icon_color__hover_enabled=&#8221;on|hover&#8221; button_border_color__hover_enabled=&#8221;on|hover&#8221; button_border_color__hover=&#8221;#170FAD&#8221; button_icon_color__hover=&#8221;#170FAD&#8221; button_bg_color__hover=&#8221;#FFFFFF&#8221;][\/et_pb_button][\/et_pb_column][et_pb_column type=&#8221;1_2&#8243; module_class=&#8221;first-on-mobile&#8221; _builder_version=&#8221;4.17.3&#8243; _module_preset=&#8221;default&#8221; global_colors_info=&#8221;{}&#8221;][et_pb_image src=&#8221;http:\/\/www.bl4u.cz\/wp-content\/uploads\/2022\/05\/30.jpg&#8221; title_text=&#8221;30&#8243; align=&#8221;right&#8221; _builder_version=&#8221;4.17.4&#8243; _module_preset=&#8221;default&#8221; width=&#8221;90%&#8221; width_tablet=&#8221;&#8221; width_phone=&#8221;100%&#8221; width_last_edited=&#8221;on|phone&#8221; custom_margin=&#8221;|20px|||false|false&#8221; custom_padding=&#8221;50px|||||&#8221; custom_padding_tablet=&#8221;0px||60px||false|false&#8221; custom_padding_phone=&#8221;0px||60px||false|false&#8221; custom_padding_last_edited=&#8221;on|phone&#8221; border_color_right=&#8221;#E02B20&#8243; border_color_bottom=&#8221;#E02B20&#8243; box_shadow_style=&#8221;preset1&#8243; box_shadow_horizontal=&#8221;12px&#8221; box_shadow_vertical=&#8221;12px&#8221; box_shadow_blur=&#8221;22px&#8221; box_shadow_color=&#8221;rgba(0,0,0,0.8)&#8221; global_colors_info=&#8221;{}&#8221;][\/et_pb_image][\/et_pb_column][\/et_pb_row][\/et_pb_section][et_pb_section fb_built=&#8221;1&#8243; _builder_version=&#8221;4.17.3&#8243; _module_preset=&#8221;default&#8221; custom_margin=&#8221;1px|||||&#8221; custom_padding=&#8221;27px||0px|||&#8221; border_width_top=&#8221;3px&#8221; border_color_top=&#8221;#E02B20&#8243; global_module=&#8221;113&#8243; saved_tabs=&#8221;all&#8221; global_colors_info=&#8221;{}&#8221;][et_pb_row column_structure=&#8221;1_5,1_5,1_5,1_5,1_5&#8243; _builder_version=&#8221;4.16&#8243; _module_preset=&#8221;default&#8221; custom_padding=&#8221;||35px|||&#8221; global_colors_info=&#8221;{}&#8221;][et_pb_column type=&#8221;1_5&#8243; _builder_version=&#8221;4.16&#8243; _module_preset=&#8221;default&#8221; global_colors_info=&#8221;{}&#8221;][et_pb_text _builder_version=&#8221;4.17.3&#8243; _module_preset=&#8221;default&#8221; custom_padding_tablet=&#8221;|80px|||false|false&#8221; custom_padding_phone=&#8221;|0px|||false|false&#8221; custom_padding_last_edited=&#8221;on|phone&#8221; global_colors_info=&#8221;{}&#8221;]<\/p>\n<p><strong>BL4U s.r.o.<br \/><\/strong><span>Podkov\u00e1\u0159sk\u00e1 674\/2,<br \/>Vyso\u010dany, 190 00 Prague 9<\/span><\/p>\n<p>[\/et_pb_text][\/et_pb_column][et_pb_column type=&#8221;1_5&#8243; _builder_version=&#8221;4.17.4&#8243; _module_preset=&#8221;default&#8221; global_colors_info=&#8221;{}&#8221;][\/et_pb_column][et_pb_column type=&#8221;1_5&#8243; _builder_version=&#8221;4.16&#8243; _module_preset=&#8221;default&#8221; global_colors_info=&#8221;{}&#8221;][et_pb_blurb title=&#8221;+420 284 028 886&#8243; url=&#8221;tel:+420284028886&#8243; use_icon=&#8221;on&#8221; font_icon=&#8221;&#xe090;||divi||400&#8243; icon_color=&#8221;#666666&#8243; icon_placement=&#8221;left&#8221; _builder_version=&#8221;4.17.4&#8243; _module_preset=&#8221;default&#8221; header_level=&#8221;h5&#8243; header_font_size=&#8221;14px&#8221; header_line_height=&#8221;1.7em&#8221; custom_margin=&#8221;||12px|||&#8221; global_colors_info=&#8221;{}&#8221;][\/et_pb_blurb][et_pb_blurb title=&#8221;info@bl4u.cz&#8221; url=&#8221;mailto:info@bl4u.cz&#8221; use_icon=&#8221;on&#8221; font_icon=&#8221;&#xf0e0;||fa||400&#8243; icon_color=&#8221;#666666&#8243; icon_placement=&#8221;left&#8221; _builder_version=&#8221;4.17.4&#8243; _module_preset=&#8221;default&#8221; header_level=&#8221;h5&#8243; header_font_size=&#8221;14px&#8221; header_line_height=&#8221;1.7em&#8221; global_colors_info=&#8221;{}&#8221;][\/et_pb_blurb][\/et_pb_column][et_pb_column type=&#8221;1_5&#8243; _builder_version=&#8221;4.16&#8243; _module_preset=&#8221;default&#8221; global_colors_info=&#8221;{}&#8221;][et_pb_icon font_icon=&#8221;&#xf08c;||fa||400&#8243; icon_color=&#8221;#666666&#8243; icon_width=&#8221;50px&#8221; url=&#8221;https:\/\/www.linkedin.com\/company\/business-leaders-4u\/&#8221; url_new_window=&#8221;on&#8221; align=&#8221;left&#8221; align_tablet=&#8221;left&#8221; align_phone=&#8221;&#8221; align_last_edited=&#8221;on|desktop&#8221; _builder_version=&#8221;4.17.4&#8243; _module_preset=&#8221;default&#8221; global_colors_info=&#8221;{}&#8221;][\/et_pb_icon][\/et_pb_column][et_pb_column type=&#8221;1_5&#8243; _builder_version=&#8221;4.16&#8243; _module_preset=&#8221;default&#8221; global_colors_info=&#8221;{}&#8221;][et_pb_text _builder_version=&#8221;4.17.4&#8243; _module_preset=&#8221;default&#8221; link_text_color=&#8221;#666666&#8243; global_colors_info=&#8221;{}&#8221;]<\/p>\n<p><a href=\"https:\/\/www.bl4u.cz\/ochrana-osobnich-udaju\/\">GDPR and Cookies<\/a><br \/><a href=\"http:\/\/www.bl4u.cz\/wp-content\/uploads\/2022\/05\/Eticky-kodex-BL4U-270421.pdf\" target=\"_blank\" rel=\"noopener\">BL4U Code of Conduct<\/a><\/p>\n<p>[\/et_pb_text][\/et_pb_column][\/et_pb_row][\/et_pb_section]<\/p>\n","protected":false},"excerpt":{"rendered":"<p>Avoiding bankruptcyYour cash flow is at riskYou feel personal responsibilityIt&#8217;s not too lateDon&#8217;t wait for it to collapse The sooner you start solving problems, the better the chances of finding a solution. In that case, it is necessary for experts to step in. Once customers, key employees or suppliers start leaving, it may be too [&hellip;]<\/p>\n","protected":false},"author":15,"featured_media":0,"parent":0,"menu_order":0,"comment_status":"closed","ping_status":"closed","template":"","meta":{"_et_pb_use_builder":"on","_et_pb_old_content":"","_et_gb_content_width":"","footnotes":""},"class_list":["post-3420","page","type-page","status-publish","hentry"],"yoast_head":"<!-- This site is optimized with the Yoast SEO plugin v27.5 - https:\/\/yoast.com\/product\/yoast-seo-wordpress\/ -->\n<title>Avoiding bankruptcy - BL4U.CZ<\/title>\n<meta name=\"robots\" content=\"index, follow, max-snippet:-1, max-image-preview:large, max-video-preview:-1\" \/>\n<link rel=\"canonical\" href=\"https:\/\/www.bl4u.cz\/en\/avoiding-bankruptcy\/\" \/>\n<meta property=\"og:locale\" content=\"en_US\" \/>\n<meta property=\"og:type\" content=\"article\" \/>\n<meta property=\"og:title\" content=\"Avoiding bankruptcy - BL4U.CZ\" \/>\n<meta property=\"og:description\" content=\"Avoiding bankruptcyYour cash flow is at riskYou feel personal responsibilityIt&#039;s not too lateDon&#039;t wait for it to collapse The sooner you start solving problems, the better the chances of finding a solution. In that case, it is necessary for experts to step in. Once customers, key employees or suppliers start leaving, it may be too [&hellip;]\" \/>\n<meta property=\"og:url\" content=\"https:\/\/www.bl4u.cz\/en\/avoiding-bankruptcy\/\" \/>\n<meta property=\"og:site_name\" content=\"BL4U.CZ\" \/>\n<meta property=\"article:modified_time\" content=\"2025-01-18T20:51:11+00:00\" \/>\n<meta name=\"twitter:card\" content=\"summary_large_image\" \/>\n<meta name=\"twitter:label1\" content=\"Est. reading time\" \/>\n\t<meta name=\"twitter:data1\" content=\"9 minutes\" \/>\n<script type=\"application\/ld+json\" class=\"yoast-schema-graph\">{\"@context\":\"https:\\\/\\\/schema.org\",\"@graph\":[{\"@type\":\"WebPage\",\"@id\":\"https:\\\/\\\/www.bl4u.cz\\\/en\\\/avoiding-bankruptcy\\\/\",\"url\":\"https:\\\/\\\/www.bl4u.cz\\\/en\\\/avoiding-bankruptcy\\\/\",\"name\":\"Avoiding bankruptcy - BL4U.CZ\",\"isPartOf\":{\"@id\":\"https:\\\/\\\/www.bl4u.cz\\\/en\\\/#website\"},\"datePublished\":\"2025-01-18T20:51:05+00:00\",\"dateModified\":\"2025-01-18T20:51:11+00:00\",\"breadcrumb\":{\"@id\":\"https:\\\/\\\/www.bl4u.cz\\\/en\\\/avoiding-bankruptcy\\\/#breadcrumb\"},\"inLanguage\":\"en-US\",\"potentialAction\":[{\"@type\":\"ReadAction\",\"target\":[\"https:\\\/\\\/www.bl4u.cz\\\/en\\\/avoiding-bankruptcy\\\/\"]}]},{\"@type\":\"BreadcrumbList\",\"@id\":\"https:\\\/\\\/www.bl4u.cz\\\/en\\\/avoiding-bankruptcy\\\/#breadcrumb\",\"itemListElement\":[{\"@type\":\"ListItem\",\"position\":1,\"name\":\"Dom\u016f\",\"item\":\"https:\\\/\\\/www.bl4u.cz\\\/en\\\/home\\\/\"},{\"@type\":\"ListItem\",\"position\":2,\"name\":\"Avoiding bankruptcy\"}]},{\"@type\":\"WebSite\",\"@id\":\"https:\\\/\\\/www.bl4u.cz\\\/en\\\/#website\",\"url\":\"https:\\\/\\\/www.bl4u.cz\\\/en\\\/\",\"name\":\"BL4U.CZ\",\"description\":\"Business leaders for you\",\"publisher\":{\"@id\":\"https:\\\/\\\/www.bl4u.cz\\\/en\\\/#organization\"},\"potentialAction\":[{\"@type\":\"SearchAction\",\"target\":{\"@type\":\"EntryPoint\",\"urlTemplate\":\"https:\\\/\\\/www.bl4u.cz\\\/en\\\/?s={search_term_string}\"},\"query-input\":{\"@type\":\"PropertyValueSpecification\",\"valueRequired\":true,\"valueName\":\"search_term_string\"}}],\"inLanguage\":\"en-US\"},{\"@type\":\"Organization\",\"@id\":\"https:\\\/\\\/www.bl4u.cz\\\/en\\\/#organization\",\"name\":\"BL4U s.r.o.\",\"url\":\"https:\\\/\\\/www.bl4u.cz\\\/en\\\/\",\"logo\":{\"@type\":\"ImageObject\",\"inLanguage\":\"en-US\",\"@id\":\"https:\\\/\\\/www.bl4u.cz\\\/en\\\/#\\\/schema\\\/logo\\\/image\\\/\",\"url\":\"https:\\\/\\\/www.bl4u.cz\\\/wp-content\\\/uploads\\\/2022\\\/05\\\/Logo_BL4U_500x160_pruhledne-pozadi.png\",\"contentUrl\":\"https:\\\/\\\/www.bl4u.cz\\\/wp-content\\\/uploads\\\/2022\\\/05\\\/Logo_BL4U_500x160_pruhledne-pozadi.png\",\"width\":2000,\"height\":640,\"caption\":\"BL4U s.r.o.\"},\"image\":{\"@id\":\"https:\\\/\\\/www.bl4u.cz\\\/en\\\/#\\\/schema\\\/logo\\\/image\\\/\"},\"sameAs\":[\"https:\\\/\\\/www.linkedin.com\\\/company\\\/business-leaders-4u\\\/\"]}]}<\/script>\n<!-- \/ Yoast SEO plugin. -->","yoast_head_json":{"title":"Avoiding bankruptcy - BL4U.CZ","robots":{"index":"index","follow":"follow","max-snippet":"max-snippet:-1","max-image-preview":"max-image-preview:large","max-video-preview":"max-video-preview:-1"},"canonical":"https:\/\/www.bl4u.cz\/en\/avoiding-bankruptcy\/","og_locale":"en_US","og_type":"article","og_title":"Avoiding bankruptcy - BL4U.CZ","og_description":"Avoiding bankruptcyYour cash flow is at riskYou feel personal responsibilityIt's not too lateDon't wait for it to collapse The sooner you start solving problems, the better the chances of finding a solution. In that case, it is necessary for experts to step in. Once customers, key employees or suppliers start leaving, it may be too [&hellip;]","og_url":"https:\/\/www.bl4u.cz\/en\/avoiding-bankruptcy\/","og_site_name":"BL4U.CZ","article_modified_time":"2025-01-18T20:51:11+00:00","twitter_card":"summary_large_image","twitter_misc":{"Est. reading time":"9 minutes"},"schema":{"@context":"https:\/\/schema.org","@graph":[{"@type":"WebPage","@id":"https:\/\/www.bl4u.cz\/en\/avoiding-bankruptcy\/","url":"https:\/\/www.bl4u.cz\/en\/avoiding-bankruptcy\/","name":"Avoiding bankruptcy - BL4U.CZ","isPartOf":{"@id":"https:\/\/www.bl4u.cz\/en\/#website"},"datePublished":"2025-01-18T20:51:05+00:00","dateModified":"2025-01-18T20:51:11+00:00","breadcrumb":{"@id":"https:\/\/www.bl4u.cz\/en\/avoiding-bankruptcy\/#breadcrumb"},"inLanguage":"en-US","potentialAction":[{"@type":"ReadAction","target":["https:\/\/www.bl4u.cz\/en\/avoiding-bankruptcy\/"]}]},{"@type":"BreadcrumbList","@id":"https:\/\/www.bl4u.cz\/en\/avoiding-bankruptcy\/#breadcrumb","itemListElement":[{"@type":"ListItem","position":1,"name":"Dom\u016f","item":"https:\/\/www.bl4u.cz\/en\/home\/"},{"@type":"ListItem","position":2,"name":"Avoiding bankruptcy"}]},{"@type":"WebSite","@id":"https:\/\/www.bl4u.cz\/en\/#website","url":"https:\/\/www.bl4u.cz\/en\/","name":"BL4U.CZ","description":"Business leaders for you","publisher":{"@id":"https:\/\/www.bl4u.cz\/en\/#organization"},"potentialAction":[{"@type":"SearchAction","target":{"@type":"EntryPoint","urlTemplate":"https:\/\/www.bl4u.cz\/en\/?s={search_term_string}"},"query-input":{"@type":"PropertyValueSpecification","valueRequired":true,"valueName":"search_term_string"}}],"inLanguage":"en-US"},{"@type":"Organization","@id":"https:\/\/www.bl4u.cz\/en\/#organization","name":"BL4U s.r.o.","url":"https:\/\/www.bl4u.cz\/en\/","logo":{"@type":"ImageObject","inLanguage":"en-US","@id":"https:\/\/www.bl4u.cz\/en\/#\/schema\/logo\/image\/","url":"https:\/\/www.bl4u.cz\/wp-content\/uploads\/2022\/05\/Logo_BL4U_500x160_pruhledne-pozadi.png","contentUrl":"https:\/\/www.bl4u.cz\/wp-content\/uploads\/2022\/05\/Logo_BL4U_500x160_pruhledne-pozadi.png","width":2000,"height":640,"caption":"BL4U s.r.o."},"image":{"@id":"https:\/\/www.bl4u.cz\/en\/#\/schema\/logo\/image\/"},"sameAs":["https:\/\/www.linkedin.com\/company\/business-leaders-4u\/"]}]}},"_links":{"self":[{"href":"https:\/\/www.bl4u.cz\/en\/wp-json\/wp\/v2\/pages\/3420","targetHints":{"allow":["GET"]}}],"collection":[{"href":"https:\/\/www.bl4u.cz\/en\/wp-json\/wp\/v2\/pages"}],"about":[{"href":"https:\/\/www.bl4u.cz\/en\/wp-json\/wp\/v2\/types\/page"}],"author":[{"embeddable":true,"href":"https:\/\/www.bl4u.cz\/en\/wp-json\/wp\/v2\/users\/15"}],"replies":[{"embeddable":true,"href":"https:\/\/www.bl4u.cz\/en\/wp-json\/wp\/v2\/comments?post=3420"}],"version-history":[{"count":5,"href":"https:\/\/www.bl4u.cz\/en\/wp-json\/wp\/v2\/pages\/3420\/revisions"}],"predecessor-version":[{"id":3441,"href":"https:\/\/www.bl4u.cz\/en\/wp-json\/wp\/v2\/pages\/3420\/revisions\/3441"}],"wp:attachment":[{"href":"https:\/\/www.bl4u.cz\/en\/wp-json\/wp\/v2\/media?parent=3420"}],"curies":[{"name":"wp","href":"https:\/\/api.w.org\/{rel}","templated":true}]}}