{"id":3404,"date":"2025-01-18T21:50:32","date_gmt":"2025-01-18T20:50:32","guid":{"rendered":"https:\/\/www.bl4u.cz\/helping\/"},"modified":"2025-01-18T21:50:33","modified_gmt":"2025-01-18T20:50:33","slug":"helping","status":"publish","type":"page","link":"https:\/\/www.bl4u.cz\/en\/about-us\/helping\/","title":{"rendered":"Helping"},"content":{"rendered":"<p>[et_pb_section fb_built=&#8221;1&#8243; _builder_version=&#8221;4.17.4&#8243; _module_preset=&#8221;default&#8221; use_background_color_gradient=&#8221;on&#8221; background_color_gradient_stops=&#8221;rgba(0,0,0,0.5) 0%|rgba(0,0,0,0.5) 95%&#8221; background_color_gradient_overlays_image=&#8221;on&#8221; background_image=&#8221;http:\/\/www.bl4u.cz\/wp-content\/uploads\/2022\/12\/Pomahame.jpg&#8221; background_position=&#8221;top_center&#8221; background_vertical_offset=&#8221;27%&#8221; background_pattern_horizontal_offset=&#8221;20%&#8221; background_pattern_repeat=&#8221;repeat-y&#8221; background_enable_mask_style=&#8221;on&#8221; background_mask_style=&#8221;corner-square&#8221; background_mask_color=&#8221;rgba(224,43,32,0.51)&#8221; background_mask_transform=&#8221;invert&#8221; background_mask_size=&#8221;custom&#8221; background_mask_width=&#8221;70%&#8221; background_mask_height=&#8221;100%&#8221; background_mask_position=&#8221;top_right&#8221; min_height_tablet=&#8221;800px&#8221; min_height_phone=&#8221;800px&#8221; min_height_last_edited=&#8221;on|phone&#8221; custom_padding=&#8221;||140px|||&#8221; bottom_divider_style=&#8221;slant2&#8243; bottom_divider_color=&#8221;#FFFFFF&#8221; bottom_divider_height=&#8221;50px&#8221; bottom_divider_repeat=&#8221;1x&#8221; bottom_divider_flip=&#8221;horizontal&#8221; background_last_edited=&#8221;on|phone&#8221; background_position_tablet=&#8221;top_right&#8221; background_position_phone=&#8221;center_left&#8221; background_horizontal_offset_tablet=&#8221;90%&#8221; background_horizontal_offset_phone=&#8221;40%&#8221; background_pattern_width_tablet=&#8221;159px&#8221; background_pattern_width_phone=&#8221;70px&#8221; background_pattern_height_tablet=&#8221;30px&#8221; background_pattern_height_phone=&#8221;30px&#8221; border_width_all=&#8221;5px&#8221; border_color_all=&#8221;#E02B20&#8243; border_width_top=&#8221;3px&#8221; border_color_top=&#8221;#E02B20&#8243; border_width_right=&#8221;0px&#8221; border_width_bottom=&#8221;0px&#8221; border_width_left=&#8221;0px&#8221; global_colors_info=&#8221;{}&#8221;][et_pb_row column_structure=&#8221;2_3,1_3&#8243; _builder_version=&#8221;4.17.3&#8243; _module_preset=&#8221;default&#8221; background_enable_video_mp4=&#8221;off&#8221; max_width=&#8221;1600px&#8221; global_colors_info=&#8221;{}&#8221;][et_pb_column type=&#8221;2_3&#8243; _builder_version=&#8221;4.17.3&#8243; _module_preset=&#8221;default&#8221; background_enable_video_mp4=&#8221;off&#8221; global_colors_info=&#8221;{}&#8221;][et_pb_text _builder_version=&#8221;4.17.3&#8243; _module_preset=&#8221;default&#8221; header_font=&#8221;|600|||||||&#8221; header_text_color=&#8221;#FFFFFF&#8221; header_font_size=&#8221;60px&#8221; header_line_height=&#8221;1.5em&#8221; header_2_text_color=&#8221;#FFFFFF&#8221; header_2_font_size=&#8221;40px&#8221; header_2_line_height=&#8221;2.5em&#8221; custom_padding=&#8221;0px|||||&#8221; header_font_size_tablet=&#8221;60px&#8221; header_font_size_phone=&#8221;45px&#8221; header_font_size_last_edited=&#8221;on|phone&#8221; header_2_font_size_tablet=&#8221;40px&#8221; header_2_font_size_phone=&#8221;30px&#8221; header_2_font_size_last_edited=&#8221;on|phone&#8221; header_2_line_height_tablet=&#8221;2.5em&#8221; header_2_line_height_phone=&#8221;1.6em&#8221; header_2_line_height_last_edited=&#8221;on|phone&#8221; header_text_shadow_style=&#8221;preset1&#8243; header_text_shadow_color=&#8221;rgba(0,0,0,0.97)&#8221; global_colors_info=&#8221;{}&#8221;]<\/p>\n<h1><strong>Helping<\/strong><\/h1>\n<p>[\/et_pb_text][\/et_pb_column][et_pb_column type=&#8221;1_3&#8243; _builder_version=&#8221;4.16&#8243; _module_preset=&#8221;default&#8221; global_colors_info=&#8221;{}&#8221;][et_pb_text _builder_version=&#8221;4.17.4&#8243; _module_preset=&#8221;default&#8221; header_2_text_color=&#8221;#FFFFFF&#8221; header_2_line_height=&#8221;1.5em&#8221; animation_style=&#8221;slide&#8221; animation_direction=&#8221;right&#8221; animation_delay=&#8221;1000ms&#8221; header_2_font_size_tablet=&#8221;&#8221; header_2_font_size_phone=&#8221;20px&#8221; header_2_font_size_last_edited=&#8221;on|phone&#8221; global_colors_info=&#8221;{}&#8221;]<\/p>\n<h2><strong>We rescue companies for their owners<\/strong><\/h2>\n<p>[\/et_pb_text][et_pb_text _builder_version=&#8221;4.17.4&#8243; _module_preset=&#8221;default&#8221; header_2_text_color=&#8221;#FFFFFF&#8221; header_2_line_height=&#8221;1.5em&#8221; custom_margin=&#8221;|||25px|false|false&#8221; animation_style=&#8221;slide&#8221; animation_direction=&#8221;right&#8221; animation_delay=&#8221;2000ms&#8221; header_2_font_size_tablet=&#8221;&#8221; header_2_font_size_phone=&#8221;20px&#8221; header_2_font_size_last_edited=&#8221;on|phone&#8221; global_colors_info=&#8221;{}&#8221;]<\/p>\n<h2><strong>We are a team of 77 successful managers<\/strong><\/h2>\n<p>[\/et_pb_text][et_pb_text _builder_version=&#8221;4.17.4&#8243; _module_preset=&#8221;default&#8221; header_2_text_color=&#8221;#FFFFFF&#8221; header_2_line_height=&#8221;1.5em&#8221; custom_margin=&#8221;|||60px|false|false&#8221; animation_style=&#8221;slide&#8221; animation_direction=&#8221;right&#8221; animation_delay=&#8221;3000ms&#8221; header_2_font_size_tablet=&#8221;&#8221; header_2_font_size_phone=&#8221;20px&#8221; header_2_font_size_last_edited=&#8221;on|phone&#8221; global_colors_info=&#8221;{}&#8221;]<\/p>\n<h2><strong>We can use insolvency proceedings to save companies<\/strong><\/h2>\n<p>[\/et_pb_text][\/et_pb_column][\/et_pb_row][\/et_pb_section][et_pb_section fb_built=&#8221;1&#8243; _builder_version=&#8221;4.17.3&#8243; _module_preset=&#8221;default&#8221; background_pattern_horizontal_offset=&#8221;11%&#8221; background_pattern_repeat=&#8221;repeat-y&#8221; custom_padding=&#8221;||3px|||&#8221; background_last_edited=&#8221;on|phone&#8221; background_mask_width_phone=&#8221;100%&#8221; background_mask_height_phone=&#8221;80%&#8221; background_mask_position_phone=&#8221;center&#8221; global_colors_info=&#8221;{}&#8221;][et_pb_row column_structure=&#8221;1_2,1_2&#8243; _builder_version=&#8221;4.17.3&#8243; _module_preset=&#8221;default&#8221; global_colors_info=&#8221;{}&#8221;][et_pb_column type=&#8221;1_2&#8243; _builder_version=&#8221;4.17.3&#8243; _module_preset=&#8221;default&#8221; background_enable_image=&#8221;off&#8221; global_colors_info=&#8221;{}&#8221;][et_pb_text ol_position=&#8221;outside&#8221; ol_item_indent=&#8221;20px&#8221; _builder_version=&#8221;4.17.4&#8243; _module_preset=&#8221;default&#8221; text_font_size=&#8221;20px&#8221; text_line_height=&#8221;2em&#8221; ul_line_height=&#8221;2em&#8221; ol_font_size=&#8221;20px&#8221; ol_line_height=&#8221;2em&#8221; background_color=&#8221;rgba(255,255,255,0.8)&#8221; background_pattern_repeat_origin=&#8221;center_right&#8221; background_pattern_repeat=&#8221;repeat-y&#8221; width=&#8221;100%&#8221; max_width=&#8221;100%&#8221; module_alignment=&#8221;left&#8221; custom_padding=&#8221;50px|20px|50px|20px|true|true&#8221; hover_enabled=&#8221;0&#8243; global_colors_info=&#8221;{}&#8221; sticky_enabled=&#8221;0&#8243;]<\/p>\n<h2><strong>We bet Czechia<\/strong><\/h2>\n<p><strong><\/strong><\/p>\n<p style=\"text-align: justify;\">At BL4U, we save companies for their owners. And this year we decided to help save the Czech forests a little bit. We joined the unique project <a href=\"http:\/\/www.sazimecesko.cz\" target=\"_blank\" rel=\"noopener\">Planting the Czech Republic<\/a>, where for each of our colleagues we plant two trees in the forest, a total of 200 pieces! These trees will be here for the next 100 years. And you can help our planet too, just <a href=\"http:\/\/www.sazimecesko.cz\" target=\"_blank\" rel=\"noopener\">click<\/a>! You can either plant trees personally or have volunteers do it for you.<\/p>\n<p>[\/et_pb_text][et_pb_testimonial author=&#8221;Stiva Jokes&#8221; portrait_url=&#8221;http:\/\/www.bl4u.cz\/wp-content\/uploads\/2022\/05\/stiva-jokes_1_1.jpg&#8221; _builder_version=&#8221;4.17.4&#8243; _module_preset=&#8221;default&#8221; global_colors_info=&#8221;{}&#8221;]<\/p>\n<p><em>&#8220;For every foot of our BL4U colleague, we plant one tree &#8211; 200 in total.  <\/em>We can&#8217;t live without trees and the bark beetle has destroyed 93 million of them in the Czech Republic!&#8221;<\/p>\n<p>[\/et_pb_testimonial][et_pb_divider color=&#8221;#E02B20&#8243; divider_weight=&#8221;5px&#8221; _builder_version=&#8221;4.17.4&#8243; _module_preset=&#8221;default&#8221; width=&#8221;70%&#8221; module_alignment=&#8221;right&#8221; custom_padding=&#8221;|20px|||false|false&#8221; global_colors_info=&#8221;{}&#8221;][\/et_pb_divider][\/et_pb_column][et_pb_column type=&#8221;1_2&#8243; _builder_version=&#8221;4.16&#8243; _module_preset=&#8221;default&#8221; global_colors_info=&#8221;{}&#8221;][et_pb_image src=&#8221;http:\/\/www.bl4u.cz\/wp-content\/uploads\/2022\/12\/sazimecesko.jpg&#8221; title_text=&#8221;We help&#8221; url=&#8221;https:\/\/sazimecesko.cz\/&#8221; url_new_window=&#8221;on&#8221; force_fullwidth=&#8221;on&#8221; _builder_version=&#8221;4.17.4&#8243; _module_preset=&#8221;default&#8221; width_tablet=&#8221;85%&#8221; width_phone=&#8221;100%&#8221; width_last_edited=&#8221;on|phone&#8221; custom_margin=&#8221;160px|||||&#8221; border_color_right=&#8221;#E02B20&#8243; border_color_bottom=&#8221;#E02B20&#8243; box_shadow_style=&#8221;preset1&#8243; box_shadow_horizontal=&#8221;12px&#8221; box_shadow_vertical=&#8221;12px&#8221; box_shadow_blur=&#8221;22px&#8221; box_shadow_color=&#8221;rgba(0,0,0,0.8)&#8221; global_colors_info=&#8221;{}&#8221;][\/et_pb_image][\/et_pb_column][\/et_pb_row][\/et_pb_section][et_pb_section fb_built=&#8221;1&#8243; _builder_version=&#8221;4.17.4&#8243; _module_preset=&#8221;default&#8221; background_pattern_horizontal_offset=&#8221;11%&#8221; background_pattern_repeat=&#8221;repeat-y&#8221; custom_padding=&#8221;||130px|||&#8221; background_last_edited=&#8221;on|phone&#8221; background_mask_width_phone=&#8221;100%&#8221; background_mask_height_phone=&#8221;80%&#8221; background_mask_position_phone=&#8221;center&#8221; global_colors_info=&#8221;{}&#8221;][et_pb_row column_structure=&#8221;1_2,1_2&#8243; _builder_version=&#8221;4.17.3&#8243; _module_preset=&#8221;default&#8221; global_colors_info=&#8221;{}&#8221;][et_pb_column type=&#8221;1_2&#8243; _builder_version=&#8221;4.17.3&#8243; _module_preset=&#8221;default&#8221; background_enable_image=&#8221;off&#8221; global_colors_info=&#8221;{}&#8221;][et_pb_text ol_position=&#8221;outside&#8221; ol_item_indent=&#8221;20px&#8221; _builder_version=&#8221;4.17.4&#8243; _module_preset=&#8221;default&#8221; text_font_size=&#8221;20px&#8221; text_line_height=&#8221;2em&#8221; ul_line_height=&#8221;2em&#8221; ol_font_size=&#8221;20px&#8221; ol_line_height=&#8221;2em&#8221; background_color=&#8221;rgba(255,255,255,0.8)&#8221; background_pattern_repeat_origin=&#8221;center_right&#8221; background_pattern_repeat=&#8221;repeat-y&#8221; width=&#8221;100%&#8221; max_width=&#8221;100%&#8221; module_alignment=&#8221;left&#8221; custom_padding=&#8221;50px|20px|50px|20px|true|true&#8221; global_colors_info=&#8221;{}&#8221;]<\/p>\n<h2><strong>The Good Angel<\/strong><\/h2>\n<p><strong><\/strong><\/p>\n<p style=\"text-align: justify;\">We only have one health! And misfortune can befall any of us. We have therefore decided to support the Good Angel. The Foundation helps families and their children who have fallen into a difficult life situation due to the serious illness of a loved one. On behalf of BL4U, we send money to the Angel Account to help those in need. And you can contribute too, so go ahead, it makes sense!<\/p>\n<p>[\/et_pb_text][et_pb_image src=&#8221;http:\/\/www.bl4u.cz\/wp-content\/uploads\/2022\/12\/dobry-andel-logo.png&#8221; title_text=&#8221;good-andel-logo&#8221; url=&#8221;https:\/\/www.dobryandel.cz\/&#8221; url_new_window=&#8221;on&#8221; _builder_version=&#8221;4.17.4&#8243; _module_preset=&#8221;default&#8221; width=&#8221;30%&#8221; module_alignment=&#8221;center&#8221; global_colors_info=&#8221;{}&#8221;][\/et_pb_image][et_pb_divider color=&#8221;#E02B20&#8243; divider_weight=&#8221;5px&#8221; _builder_version=&#8221;4.17.4&#8243; _module_preset=&#8221;default&#8221; width=&#8221;70%&#8221; module_alignment=&#8221;right&#8221; custom_padding=&#8221;|20px|||false|false&#8221; global_colors_info=&#8221;{}&#8221;][\/et_pb_divider][\/et_pb_column][et_pb_column type=&#8221;1_2&#8243; _builder_version=&#8221;4.16&#8243; _module_preset=&#8221;default&#8221; global_colors_info=&#8221;{}&#8221;][et_pb_image src=&#8221;http:\/\/www.bl4u.cz\/wp-content\/uploads\/2022\/12\/dobry-andel2022.png&#8221; title_text=&#8221;good-andel2022&#8243; url=&#8221;https:\/\/www.dobryandel.cz\/&#8221; url_new_window=&#8221;on&#8221; _builder_version=&#8221;4.17.4&#8243; _module_preset=&#8221;default&#8221; custom_margin=&#8221;130px|||||&#8221; box_shadow_style=&#8221;preset1&#8243; global_colors_info=&#8221;{}&#8221;][\/et_pb_image][\/et_pb_column][\/et_pb_row][\/et_pb_section][et_pb_section fb_built=&#8221;1&#8243; _builder_version=&#8221;4.17.3&#8243; _module_preset=&#8221;default&#8221; custom_margin=&#8221;1px|||||&#8221; custom_padding=&#8221;27px||0px|||&#8221; border_width_top=&#8221;3px&#8221; border_color_top=&#8221;#E02B20&#8243; global_module=&#8221;113&#8243; saved_tabs=&#8221;all&#8221; global_colors_info=&#8221;{}&#8221;][et_pb_row column_structure=&#8221;1_5,1_5,1_5,1_5,1_5&#8243; _builder_version=&#8221;4.16&#8243; _module_preset=&#8221;default&#8221; custom_padding=&#8221;||35px|||&#8221; global_colors_info=&#8221;{}&#8221;][et_pb_column type=&#8221;1_5&#8243; _builder_version=&#8221;4.16&#8243; _module_preset=&#8221;default&#8221; global_colors_info=&#8221;{}&#8221;][et_pb_text _builder_version=&#8221;4.17.3&#8243; _module_preset=&#8221;default&#8221; custom_padding_tablet=&#8221;|80px|||false|false&#8221; custom_padding_phone=&#8221;|0px|||false|false&#8221; custom_padding_last_edited=&#8221;on|phone&#8221; global_colors_info=&#8221;{}&#8221;]<\/p>\n<p><strong>BL4U s.r.o.<br \/><\/strong><span>Podkov\u00e1\u0159sk\u00e1 674\/2,<br \/>Vyso\u010dany, 190 00 Prague 9<\/span><\/p>\n<p>[\/et_pb_text][\/et_pb_column][et_pb_column type=&#8221;1_5&#8243; _builder_version=&#8221;4.17.4&#8243; _module_preset=&#8221;default&#8221; global_colors_info=&#8221;{}&#8221;][\/et_pb_column][et_pb_column type=&#8221;1_5&#8243; _builder_version=&#8221;4.16&#8243; _module_preset=&#8221;default&#8221; global_colors_info=&#8221;{}&#8221;][et_pb_blurb title=&#8221;+420 284 028 886&#8243; url=&#8221;tel:+420284028886&#8243; use_icon=&#8221;on&#8221; font_icon=&#8221;&#xe090;||divi||400&#8243; icon_color=&#8221;#666666&#8243; icon_placement=&#8221;left&#8221; _builder_version=&#8221;4.17.4&#8243; _module_preset=&#8221;default&#8221; header_level=&#8221;h5&#8243; header_font_size=&#8221;14px&#8221; header_line_height=&#8221;1.7em&#8221; custom_margin=&#8221;||12px|||&#8221; global_colors_info=&#8221;{}&#8221;][\/et_pb_blurb][et_pb_blurb title=&#8221;info@bl4u.cz&#8221; url=&#8221;mailto:info@bl4u.cz&#8221; use_icon=&#8221;on&#8221; font_icon=&#8221;&#xf0e0;||fa||400&#8243; icon_color=&#8221;#666666&#8243; icon_placement=&#8221;left&#8221; _builder_version=&#8221;4.17.4&#8243; _module_preset=&#8221;default&#8221; header_level=&#8221;h5&#8243; header_font_size=&#8221;14px&#8221; header_line_height=&#8221;1.7em&#8221; global_colors_info=&#8221;{}&#8221;][\/et_pb_blurb][\/et_pb_column][et_pb_column type=&#8221;1_5&#8243; _builder_version=&#8221;4.16&#8243; _module_preset=&#8221;default&#8221; global_colors_info=&#8221;{}&#8221;][et_pb_icon font_icon=&#8221;&#xf08c;||fa||400&#8243; icon_color=&#8221;#666666&#8243; icon_width=&#8221;50px&#8221; url=&#8221;https:\/\/www.linkedin.com\/company\/business-leaders-4u\/&#8221; url_new_window=&#8221;on&#8221; align=&#8221;left&#8221; align_tablet=&#8221;left&#8221; align_phone=&#8221;&#8221; align_last_edited=&#8221;on|desktop&#8221; _builder_version=&#8221;4.17.4&#8243; _module_preset=&#8221;default&#8221; global_colors_info=&#8221;{}&#8221;][\/et_pb_icon][\/et_pb_column][et_pb_column type=&#8221;1_5&#8243; _builder_version=&#8221;4.16&#8243; _module_preset=&#8221;default&#8221; global_colors_info=&#8221;{}&#8221;][et_pb_text _builder_version=&#8221;4.17.4&#8243; _module_preset=&#8221;default&#8221; link_text_color=&#8221;#666666&#8243; global_colors_info=&#8221;{}&#8221;]<\/p>\n<p><a href=\"https:\/\/www.bl4u.cz\/ochrana-osobnich-udaju\/\">GDPR and Cookies<\/a><br \/><a href=\"http:\/\/www.bl4u.cz\/wp-content\/uploads\/2022\/05\/Eticky-kodex-BL4U-270421.pdf\" target=\"_blank\" rel=\"noopener\">BL4U Code of Conduct<\/a><\/p>\n<p>[\/et_pb_text][\/et_pb_column][\/et_pb_row][\/et_pb_section]<\/p>\n","protected":false},"excerpt":{"rendered":"<p>HelpingWe rescue companies for their ownersWe are a team of 77 successful managersWe can use insolvency proceedings to save companiesWe bet Czechia At BL4U, we save companies for their owners. And this year we decided to help save the Czech forests a little bit. We joined the unique project Planting the Czech Republic, where for [&hellip;]<\/p>\n","protected":false},"author":15,"featured_media":0,"parent":3405,"menu_order":0,"comment_status":"closed","ping_status":"closed","template":"","meta":{"_et_pb_use_builder":"on","_et_pb_old_content":"","_et_gb_content_width":"","footnotes":""},"class_list":["post-3404","page","type-page","status-publish","hentry"],"yoast_head":"<!-- This site is optimized with the Yoast SEO plugin v27.5 - https:\/\/yoast.com\/product\/yoast-seo-wordpress\/ -->\n<title>Helping - BL4U.CZ<\/title>\n<meta name=\"robots\" content=\"index, follow, max-snippet:-1, max-image-preview:large, max-video-preview:-1\" \/>\n<link rel=\"canonical\" href=\"https:\/\/www.bl4u.cz\/en\/about-us\/helping\/\" \/>\n<meta property=\"og:locale\" content=\"en_US\" \/>\n<meta property=\"og:type\" content=\"article\" \/>\n<meta property=\"og:title\" content=\"Helping - BL4U.CZ\" \/>\n<meta property=\"og:description\" content=\"HelpingWe rescue companies for their ownersWe are a team of 77 successful managersWe can use insolvency proceedings to save companiesWe bet Czechia At BL4U, we save companies for their owners. And this year we decided to help save the Czech forests a little bit. We joined the unique project Planting the Czech Republic, where for [&hellip;]\" \/>\n<meta property=\"og:url\" content=\"https:\/\/www.bl4u.cz\/en\/about-us\/helping\/\" \/>\n<meta property=\"og:site_name\" content=\"BL4U.CZ\" \/>\n<meta property=\"article:modified_time\" content=\"2025-01-18T20:50:33+00:00\" \/>\n<meta name=\"twitter:card\" content=\"summary_large_image\" \/>\n<meta name=\"twitter:label1\" content=\"Est. reading time\" \/>\n\t<meta name=\"twitter:data1\" content=\"8 minutes\" \/>\n<script type=\"application\/ld+json\" class=\"yoast-schema-graph\">{\"@context\":\"https:\\\/\\\/schema.org\",\"@graph\":[{\"@type\":\"WebPage\",\"@id\":\"https:\\\/\\\/www.bl4u.cz\\\/en\\\/about-us\\\/helping\\\/\",\"url\":\"https:\\\/\\\/www.bl4u.cz\\\/en\\\/about-us\\\/helping\\\/\",\"name\":\"Helping - BL4U.CZ\",\"isPartOf\":{\"@id\":\"https:\\\/\\\/www.bl4u.cz\\\/en\\\/#website\"},\"datePublished\":\"2025-01-18T20:50:32+00:00\",\"dateModified\":\"2025-01-18T20:50:33+00:00\",\"breadcrumb\":{\"@id\":\"https:\\\/\\\/www.bl4u.cz\\\/en\\\/about-us\\\/helping\\\/#breadcrumb\"},\"inLanguage\":\"en-US\",\"potentialAction\":[{\"@type\":\"ReadAction\",\"target\":[\"https:\\\/\\\/www.bl4u.cz\\\/en\\\/about-us\\\/helping\\\/\"]}]},{\"@type\":\"BreadcrumbList\",\"@id\":\"https:\\\/\\\/www.bl4u.cz\\\/en\\\/about-us\\\/helping\\\/#breadcrumb\",\"itemListElement\":[{\"@type\":\"ListItem\",\"position\":1,\"name\":\"Dom\u016f\",\"item\":\"https:\\\/\\\/www.bl4u.cz\\\/en\\\/home\\\/\"},{\"@type\":\"ListItem\",\"position\":2,\"name\":\"About us\",\"item\":\"https:\\\/\\\/www.bl4u.cz\\\/en\\\/about-us\\\/\"},{\"@type\":\"ListItem\",\"position\":3,\"name\":\"Helping\"}]},{\"@type\":\"WebSite\",\"@id\":\"https:\\\/\\\/www.bl4u.cz\\\/en\\\/#website\",\"url\":\"https:\\\/\\\/www.bl4u.cz\\\/en\\\/\",\"name\":\"BL4U.CZ\",\"description\":\"Business leaders for you\",\"publisher\":{\"@id\":\"https:\\\/\\\/www.bl4u.cz\\\/en\\\/#organization\"},\"potentialAction\":[{\"@type\":\"SearchAction\",\"target\":{\"@type\":\"EntryPoint\",\"urlTemplate\":\"https:\\\/\\\/www.bl4u.cz\\\/en\\\/?s={search_term_string}\"},\"query-input\":{\"@type\":\"PropertyValueSpecification\",\"valueRequired\":true,\"valueName\":\"search_term_string\"}}],\"inLanguage\":\"en-US\"},{\"@type\":\"Organization\",\"@id\":\"https:\\\/\\\/www.bl4u.cz\\\/en\\\/#organization\",\"name\":\"BL4U s.r.o.\",\"url\":\"https:\\\/\\\/www.bl4u.cz\\\/en\\\/\",\"logo\":{\"@type\":\"ImageObject\",\"inLanguage\":\"en-US\",\"@id\":\"https:\\\/\\\/www.bl4u.cz\\\/en\\\/#\\\/schema\\\/logo\\\/image\\\/\",\"url\":\"https:\\\/\\\/www.bl4u.cz\\\/wp-content\\\/uploads\\\/2022\\\/05\\\/Logo_BL4U_500x160_pruhledne-pozadi.png\",\"contentUrl\":\"https:\\\/\\\/www.bl4u.cz\\\/wp-content\\\/uploads\\\/2022\\\/05\\\/Logo_BL4U_500x160_pruhledne-pozadi.png\",\"width\":2000,\"height\":640,\"caption\":\"BL4U s.r.o.\"},\"image\":{\"@id\":\"https:\\\/\\\/www.bl4u.cz\\\/en\\\/#\\\/schema\\\/logo\\\/image\\\/\"},\"sameAs\":[\"https:\\\/\\\/www.linkedin.com\\\/company\\\/business-leaders-4u\\\/\"]}]}<\/script>\n<!-- \/ Yoast SEO plugin. -->","yoast_head_json":{"title":"Helping - BL4U.CZ","robots":{"index":"index","follow":"follow","max-snippet":"max-snippet:-1","max-image-preview":"max-image-preview:large","max-video-preview":"max-video-preview:-1"},"canonical":"https:\/\/www.bl4u.cz\/en\/about-us\/helping\/","og_locale":"en_US","og_type":"article","og_title":"Helping - BL4U.CZ","og_description":"HelpingWe rescue companies for their ownersWe are a team of 77 successful managersWe can use insolvency proceedings to save companiesWe bet Czechia At BL4U, we save companies for their owners. And this year we decided to help save the Czech forests a little bit. We joined the unique project Planting the Czech Republic, where for [&hellip;]","og_url":"https:\/\/www.bl4u.cz\/en\/about-us\/helping\/","og_site_name":"BL4U.CZ","article_modified_time":"2025-01-18T20:50:33+00:00","twitter_card":"summary_large_image","twitter_misc":{"Est. reading time":"8 minutes"},"schema":{"@context":"https:\/\/schema.org","@graph":[{"@type":"WebPage","@id":"https:\/\/www.bl4u.cz\/en\/about-us\/helping\/","url":"https:\/\/www.bl4u.cz\/en\/about-us\/helping\/","name":"Helping - BL4U.CZ","isPartOf":{"@id":"https:\/\/www.bl4u.cz\/en\/#website"},"datePublished":"2025-01-18T20:50:32+00:00","dateModified":"2025-01-18T20:50:33+00:00","breadcrumb":{"@id":"https:\/\/www.bl4u.cz\/en\/about-us\/helping\/#breadcrumb"},"inLanguage":"en-US","potentialAction":[{"@type":"ReadAction","target":["https:\/\/www.bl4u.cz\/en\/about-us\/helping\/"]}]},{"@type":"BreadcrumbList","@id":"https:\/\/www.bl4u.cz\/en\/about-us\/helping\/#breadcrumb","itemListElement":[{"@type":"ListItem","position":1,"name":"Dom\u016f","item":"https:\/\/www.bl4u.cz\/en\/home\/"},{"@type":"ListItem","position":2,"name":"About us","item":"https:\/\/www.bl4u.cz\/en\/about-us\/"},{"@type":"ListItem","position":3,"name":"Helping"}]},{"@type":"WebSite","@id":"https:\/\/www.bl4u.cz\/en\/#website","url":"https:\/\/www.bl4u.cz\/en\/","name":"BL4U.CZ","description":"Business leaders for you","publisher":{"@id":"https:\/\/www.bl4u.cz\/en\/#organization"},"potentialAction":[{"@type":"SearchAction","target":{"@type":"EntryPoint","urlTemplate":"https:\/\/www.bl4u.cz\/en\/?s={search_term_string}"},"query-input":{"@type":"PropertyValueSpecification","valueRequired":true,"valueName":"search_term_string"}}],"inLanguage":"en-US"},{"@type":"Organization","@id":"https:\/\/www.bl4u.cz\/en\/#organization","name":"BL4U s.r.o.","url":"https:\/\/www.bl4u.cz\/en\/","logo":{"@type":"ImageObject","inLanguage":"en-US","@id":"https:\/\/www.bl4u.cz\/en\/#\/schema\/logo\/image\/","url":"https:\/\/www.bl4u.cz\/wp-content\/uploads\/2022\/05\/Logo_BL4U_500x160_pruhledne-pozadi.png","contentUrl":"https:\/\/www.bl4u.cz\/wp-content\/uploads\/2022\/05\/Logo_BL4U_500x160_pruhledne-pozadi.png","width":2000,"height":640,"caption":"BL4U s.r.o."},"image":{"@id":"https:\/\/www.bl4u.cz\/en\/#\/schema\/logo\/image\/"},"sameAs":["https:\/\/www.linkedin.com\/company\/business-leaders-4u\/"]}]}},"_links":{"self":[{"href":"https:\/\/www.bl4u.cz\/en\/wp-json\/wp\/v2\/pages\/3404","targetHints":{"allow":["GET"]}}],"collection":[{"href":"https:\/\/www.bl4u.cz\/en\/wp-json\/wp\/v2\/pages"}],"about":[{"href":"https:\/\/www.bl4u.cz\/en\/wp-json\/wp\/v2\/types\/page"}],"author":[{"embeddable":true,"href":"https:\/\/www.bl4u.cz\/en\/wp-json\/wp\/v2\/users\/15"}],"replies":[{"embeddable":true,"href":"https:\/\/www.bl4u.cz\/en\/wp-json\/wp\/v2\/comments?post=3404"}],"version-history":[{"count":3,"href":"https:\/\/www.bl4u.cz\/en\/wp-json\/wp\/v2\/pages\/3404\/revisions"}],"predecessor-version":[{"id":3416,"href":"https:\/\/www.bl4u.cz\/en\/wp-json\/wp\/v2\/pages\/3404\/revisions\/3416"}],"up":[{"embeddable":true,"href":"https:\/\/www.bl4u.cz\/en\/wp-json\/wp\/v2\/pages\/3405"}],"wp:attachment":[{"href":"https:\/\/www.bl4u.cz\/en\/wp-json\/wp\/v2\/media?parent=3404"}],"curies":[{"name":"wp","href":"https:\/\/api.w.org\/{rel}","templated":true}]}}